{"id":1365,"date":"2024-11-18T19:56:55","date_gmt":"2024-11-18T19:56:55","guid":{"rendered":"https:\/\/casadooficio.com\/terminos-y-condiciones\/"},"modified":"2025-01-30T12:32:20","modified_gmt":"2025-01-30T12:32:20","slug":"terminos-y-condiciones","status":"publish","type":"page","link":"https:\/\/casadooficio.com\/es\/terminos-y-condiciones\/","title":{"rendered":"T\u00e9rminos y condiciones"},"content":{"rendered":"\n<div class=\"wp-block-group has-global-padding is-layout-constrained wp-block-group-is-layout-constrained\">\n<div style=\"height:100px\" aria-hidden=\"true\" class=\"wp-block-spacer\"><\/div>\n\n\n\n<h2 class=\"wp-block-heading has-custom-color-1-color has-text-color has-link-color has-large-font-size wp-elements-3586b02f0b0447c45242cfb6d3eb2d6c\">T\u00e9rminos y condiciones<\/h2>\n\n\n\n<hr class=\"wp-block-separator has-alpha-channel-opacity is-style-wide\"\/>\n\n\n\n<p class=\"has-custom-color-4-color has-text-color has-link-color has-small-font-size wp-elements-5dc5e074dcb89ecbd3e8e1643b541491\"><strong>\u00daltima actualizaci\u00f3n:<\/strong> 11 de octubre de 2024<\/p>\n\n\n\n<p class=\"has-custom-color-4-color has-text-color has-link-color has-small-font-size wp-elements-f32f3cfdeb5105075816d4de8cc4cac8\">Bienvenido a &#8220;Casa do Of\u00edcio&#8221;, una marca comercial de Lu\u00eds Miguel Soares, Lda. Estos T\u00e9rminos y Condiciones (&#8220;T\u00e9rminos&#8221;) rigen tu uso de nuestros servicios de alquiler a corto plazo y de alquiler a medio y largo plazo (los &#8220;Servicios&#8221;). Al hacer una reserva a trav\u00e9s de nuestro Sitio Web (www.casadooficio.com) o de plataformas de terceros como Booking, Airbnb, Spotahome, Flatio o Uniplaces, aceptas estos T\u00e9rminos.  <\/p>\n\n\n\n<p class=\"has-custom-color-4-color has-text-color has-link-color has-small-font-size wp-elements-3b91d3b8c38c8f59618516d712c00869\">Si no est\u00e1s de acuerdo con estos T\u00e9rminos, por favor no utilices nuestros Servicios.<\/p>\n\n\n\n<hr class=\"wp-block-separator has-alpha-channel-opacity is-style-wide\"\/>\n\n\n\n<h4 class=\"wp-block-heading has-custom-color-1-color has-text-color has-link-color has-medium-font-size wp-elements-4a4fb4530346957a9b3f15cde943d568\">1. <strong>Tipos de alquiler<\/strong><\/h4>\n\n\n\n<p class=\"has-custom-color-1-color has-text-color has-link-color has-small-font-size wp-elements-bbcde6b46ac0937ca651fa52570611d7\">a. Alquileres de corta duraci\u00f3n <\/p>\n\n\n\n<ul class=\"wp-block-list has-custom-color-4-color has-text-color has-link-color has-small-font-size wp-elements-14f526398067c656c6e63268234c7e47\">\n<li class=\"has-custom-color-4-color has-text-color has-link-color has-small-font-size wp-elements-e5af18354b813261e474dc73a62e16ca\">Dise\u00f1ado para estancias vacacionales, disponible en plataformas como Booking.com y Airbnb o directamente a trav\u00e9s de nuestro Sitio Web.<\/li>\n\n\n\n<li class=\"has-custom-color-4-color has-text-color has-link-color has-small-font-size wp-elements-ffaee58a997df4872a4b1d971fae6396\">La duraci\u00f3n t\u00edpica de la estancia oscila entre 2 a 30 d\u00edas].<\/li>\n<\/ul>\n\n\n\n<p class=\"has-custom-color-1-color has-text-color has-link-color has-small-font-size wp-elements-fbaa83357734daa0677e80b4fc5f19af\">b. Alquileres a medio y largo plazo <\/p>\n\n\n\n<ul class=\"wp-block-list\">\n<li class=\"has-custom-color-4-color has-text-color has-link-color has-small-font-size wp-elements-a153f8cb0dc30406e3a1d8ea89c98138\">Adaptado a trabajadores a distancia, estudiantes y familias que se trasladan a la zona.<\/li>\n\n\n\n<li class=\"has-custom-color-4-color has-text-color has-link-color has-small-font-size wp-elements-9fc7eb77897e0dce6cdc79e3fa232a13\">Se puede reservar a trav\u00e9s de plataformas como Spotahome, Flatio, Uniplaces, o directamente a trav\u00e9s de nuestro sitio web.<\/li>\n\n\n\n<li class=\"has-custom-color-4-color has-text-color has-link-color has-small-font-size wp-elements-b186833a5a5977f0dedea118f63b0ce9\">La duraci\u00f3n t\u00edpica de la estancia oscila entre 5 y 12 meses.<\/li>\n<\/ul>\n\n\n\n<hr class=\"wp-block-separator has-alpha-channel-opacity is-style-wide\"\/>\n\n\n\n<h4 class=\"wp-block-heading has-custom-color-1-color has-text-color has-link-color has-medium-font-size wp-elements-81990515a5d74a486fc55921bb6d6c79\">2. <strong>Proceso de reserva<\/strong><\/h4>\n\n\n\n<p class=\"has-custom-color-1-color has-text-color has-link-color has-small-font-size wp-elements-654082b54dfda5164bbdbf1246f66fd7\">a. Reservas directas <\/p>\n\n\n\n<ul class=\"wp-block-list\">\n<li class=\"has-custom-color-4-color has-text-color has-link-color has-small-font-size wp-elements-5348c3d0cd5484ac5ef94b73e00d8d44\">Las reservas efectuadas directamente en nuestro sitio web (www.casadooficio.com) se confirman al recibir el pago o el dep\u00f3sito.<\/li>\n\n\n\n<li class=\"has-custom-color-4-color has-text-color has-link-color has-small-font-size wp-elements-571cd23f56e688399992dc6d07839621\">Se requiere el pago completo 1 d\u00eda antes de la fecha de entrada para los alquileres a corto plazo y 14 d\u00edas para los alquileres a medio plazo, a menos que se especifique lo contrario.<\/li>\n<\/ul>\n\n\n\n<p class=\"has-custom-color-1-color has-text-color has-link-color has-small-font-size wp-elements-c0606cf9635e3ebf962b7cbcbc657a74\">b. A trav\u00e9s de plataformas de terceros <\/p>\n\n\n\n<ul class=\"wp-block-list\">\n<li class=\"has-custom-color-4-color has-text-color has-link-color has-small-font-size wp-elements-5d37e7d5ff2565b20bfe08be4e414bda\">Las reservas realizadas a trav\u00e9s de Booking.com, Airbnb, Spotahome, Flatio, Uniplaces o cualquier otro sitio web de reservas est\u00e1n sujetas a las condiciones de la plataforma respectiva, adem\u00e1s de a nuestras Condiciones.<\/li>\n\n\n\n<li class=\"has-custom-color-4-color has-text-color has-link-color has-small-font-size wp-elements-54cc0679dbbaee38892a94aad2968279\">Las pol\u00edticas de pago, cancelaci\u00f3n y reembolso pueden variar seg\u00fan la plataforma.<\/li>\n<\/ul>\n\n\n\n<hr class=\"wp-block-separator has-alpha-channel-opacity is-style-wide\"\/>\n\n\n\n<h4 class=\"wp-block-heading has-custom-color-1-color has-text-color has-link-color has-medium-font-size wp-elements-9b688011cf895cc2a0bae16d117eba0a\">3. <strong>Pol\u00edtica de cancelaci\u00f3n y reembolso<\/strong><\/h4>\n\n\n\n<p class=\"has-custom-color-1-color has-text-color has-link-color has-small-font-size wp-elements-bbcde6b46ac0937ca651fa52570611d7\">a. Alquileres de corta duraci\u00f3n <\/p>\n\n\n\n<ul class=\"wp-block-list has-custom-color-4-color has-text-color has-link-color has-small-font-size wp-elements-23147057348f3454a4ae4a375499d653\">\n<li>Las cancelaciones realizadas [Insertar el plazo, por ejemplo, m\u00e1s de 14 d\u00edas] antes de la entrada tienen derecho a un reembolso completo.<\/li>\n\n\n\n<li>Las cancelaciones dentro de [Insert Time Frame] pueden dar lugar a un reembolso parcial o a ning\u00fan reembolso.<\/li>\n<\/ul>\n\n\n\n<p class=\"has-custom-color-1-color has-text-color has-link-color has-small-font-size wp-elements-fbaa83357734daa0677e80b4fc5f19af\">b. Alquileres a medio y largo plazo <\/p>\n\n\n\n<ul class=\"wp-block-list\">\n<li class=\"has-custom-color-4-color has-text-color has-link-color has-small-font-size wp-elements-ae5ac5eb58bd9b748c815f495d1b0a6a\">Las pol\u00edticas de cancelaci\u00f3n para estancias de media y larga duraci\u00f3n var\u00edan seg\u00fan la plataforma. Para las reservas directas, las cancelaciones realizadas [Insertar plazo, por ejemplo, m\u00e1s de 30 d\u00edas] antes de la fecha de inicio tienen derecho a un reembolso completo. <\/li>\n<\/ul>\n\n\n\n<hr class=\"wp-block-separator has-alpha-channel-opacity is-style-wide\"\/>\n\n\n\n<h4 class=\"wp-block-heading has-custom-color-1-color has-text-color has-link-color has-medium-font-size wp-elements-3de212de8b8927e1bbfc19396f570bb0\">4. <strong>Registro de entrada y salida<\/strong><\/h4>\n\n\n\n<ul class=\"wp-block-list\">\n<li class=\"has-custom-color-4-color has-text-color has-link-color has-small-font-size wp-elements-f30fe0e05100605b89d083862a5547dc\">Registro de entrada: A partir de las 15:00 horas. La entrada anticipada puede solicitarse y est\u00e1 sujeta a disponibilidad. <\/li>\n\n\n\n<li class=\"has-custom-color-4-color has-text-color has-link-color has-small-font-size wp-elements-018ca1b29782bcf9849a7992917f1dd4\">Salida: Antes de las 11 de la ma\u00f1ana. La salida tard\u00eda puede conllevar gastos adicionales. <\/li>\n<\/ul>\n\n\n\n<hr class=\"wp-block-separator has-alpha-channel-opacity is-style-wide\"\/>\n\n\n\n<h4 class=\"wp-block-heading has-custom-color-1-color has-text-color has-link-color has-medium-font-size wp-elements-ac5fc1e7d63d2034d2d6fa6c9d987a4f\">5. <strong>Uso de la propiedad<\/strong><\/h4>\n\n\n\n<p class=\"has-custom-color-1-color has-text-color has-link-color has-small-font-size wp-elements-893af9cd04e64292865a6dbf0b6c86ce\">a. Uso permitido <\/p>\n\n\n\n<ul class=\"wp-block-list has-custom-color-4-color has-text-color has-link-color has-small-font-size wp-elements-3ea2da622cc482341372630a8809b2bb\">\n<li>Las propiedades son s\u00f3lo para fines residenciales y no pueden utilizarse para actividades comerciales, fiestas o eventos.<\/li>\n\n\n\n<li>Deben respetarse los l\u00edmites m\u00e1ximos de ocupaci\u00f3n indicados en la reserva.<\/li>\n<\/ul>\n\n\n\n<p class=\"has-custom-color-1-color has-text-color has-link-color has-small-font-size wp-elements-b672f8ea568e5a12c3d9723b4595cb2a\">b. Responsabilidades de los invitados <\/p>\n\n\n\n<ul class=\"wp-block-list\">\n<li class=\"has-custom-color-4-color has-text-color has-link-color has-small-font-size wp-elements-8febf95eafa465ba64153b0ad9b22038\">Los hu\u00e9spedes son responsables de mantener la propiedad en buen estado. Los da\u00f1os, los objetos que falten o las necesidades de limpieza excesivas dar\u00e1n lugar a cargos adicionales. <\/li>\n<\/ul>\n\n\n\n<p class=\"has-custom-color-1-color has-text-color has-link-color has-small-font-size wp-elements-fc3a9f045bdd2dc07d3271fba5b3b5be\">c. Normas de la casa <\/p>\n\n\n\n<ul class=\"wp-block-list has-custom-color-4-color has-text-color has-link-color has-small-font-size wp-elements-0c46db157f5bbde8016af4184a7a8016\">\n<li class=\"has-custom-color-1-color has-text-color has-link-color wp-elements-222fd5995170ce2c84c4e89fce4e069e\">Horario tranquilo: De 22:00 a 8:00.<\/li>\n\n\n\n<li>Est\u00e1 prohibido fumar en el interior.<\/li>\n\n\n\n<li>No se admiten animales de compa\u00f1\u00eda.<\/li>\n<\/ul>\n\n\n\n<hr class=\"wp-block-separator has-alpha-channel-opacity is-style-wide\"\/>\n\n\n\n<h4 class=\"wp-block-heading has-custom-color-1-color has-text-color has-link-color has-medium-font-size wp-elements-8fdfecf69789fb8710ee50361b633f85\">6. <strong>Utilizar las condiciones de pago de la propiedad<\/strong><\/h4>\n\n\n\n<ul class=\"wp-block-list has-custom-color-4-color has-text-color has-link-color has-small-font-size wp-elements-bbc700788469f46727726662f61ef7dd\">\n<li class=\"has-custom-color-4-color has-text-color has-link-color has-small-font-size wp-elements-60b8d6599b7cd78c2ce30e70281f500c\">Los pagos de reservas a trav\u00e9s de plataformas de terceros deben cumplir las condiciones de la plataforma respectiva.<\/li>\n\n\n\n<li class=\"has-custom-color-4-color has-text-color has-link-color has-small-font-size wp-elements-1d5d54a238921c9b12fadc4b4efa630f\">Las reservas directas requieren el pago mediante [enumera los m\u00e9todos de pago, por ejemplo, tarjeta de cr\u00e9dito, transferencia bancaria].<\/li>\n<\/ul>\n\n\n\n<hr class=\"wp-block-separator has-alpha-channel-opacity is-style-wide\"\/>\n\n\n\n<h4 class=\"wp-block-heading has-custom-color-1-color has-text-color has-link-color has-medium-font-size wp-elements-fa425f4cffc5bdb5d503e0dddc08dabf\">7. <strong>Responsabilidad<\/strong><\/h4>\n\n\n\n<p class=\"has-custom-color-1-color has-text-color has-link-color has-small-font-size wp-elements-85f4f317ef9d93522e92a71be578153b\">a. Responsabilidad de los invitados <\/p>\n\n\n\n<p class=\"has-custom-color-4-color has-text-color has-link-color has-small-font-size wp-elements-5cb1055f1d016e05b1971a6d74d768e4\">Los hu\u00e9spedes son responsables de sus pertenencias personales. No nos hacemos responsables de robos, p\u00e9rdidas o da\u00f1os en las pertenencias de los hu\u00e9spedes durante la estancia. <\/p>\n\n\n\n<p class=\"has-custom-color-1-color has-text-color has-link-color has-small-font-size wp-elements-9e7380c7c85a3b964c36c7a1e8fbf546\">b. Da\u00f1os materiales <\/p>\n\n\n\n<p class=\"has-custom-color-4-color has-text-color has-link-color has-small-font-size wp-elements-af2eb9991bfbb0042fb17aeb999a2324\">Se cobrar\u00e1 a los hu\u00e9spedes cualquier da\u00f1o o uso indebido de la propiedad.<\/p>\n\n\n\n<p class=\"has-custom-color-1-color has-text-color has-link-color has-small-font-size wp-elements-c5dc591cccaa569c6595766e5f645aeb\">c. Fuerza mayor <\/p>\n\n\n\n<p class=\"has-custom-color-4-color has-text-color has-link-color has-small-font-size wp-elements-61caea05a39ddfadea18ffd98f6387e5\">No nos hacemos responsables de las cancelaciones o interrupciones causadas por acontecimientos que escapen a nuestro control, como cat\u00e1strofes naturales, huelgas o cortes de suministro.<\/p>\n\n\n\n<hr class=\"wp-block-separator has-alpha-channel-opacity is-style-wide\"\/>\n\n\n\n<h4 class=\"wp-block-heading has-custom-color-1-color has-text-color has-link-color has-medium-font-size wp-elements-fb4bcc724032a410256069866036de7d\">8. <strong>Privacidad y protecci\u00f3n de datos <\/strong> <\/h4>\n\n\n\n<p class=\"has-custom-color-4-color has-text-color has-link-color has-small-font-size wp-elements-5074d7ef29590a6096e40fd4db9a0d22\">Tus datos personales se tratar\u00e1n de acuerdo con nuestra p\u00e1gina [Privacy Policy], disponible en nuestro Sitio Web.<\/p>\n\n\n\n<hr class=\"wp-block-separator has-alpha-channel-opacity is-style-wide\"\/>\n\n\n\n<h4 class=\"wp-block-heading has-custom-color-1-color has-text-color has-link-color has-medium-font-size wp-elements-21f4b25d6bdefc7d00902425cd96430c\">9. <strong>Ley aplicable<\/strong><\/h4>\n\n\n\n<p class=\"has-custom-color-4-color has-text-color has-link-color has-small-font-size wp-elements-463fcac30fb44e106f69f426efb9ef24\">Estos T\u00e9rminos se rigen por las leyes de Portugal. Cualquier disputa se resolver\u00e1 en el tribunal de distrito de Oporto. <\/p>\n\n\n\n<hr class=\"wp-block-separator has-alpha-channel-opacity is-style-wide\"\/>\n\n\n\n<h4 class=\"wp-block-heading has-custom-color-1-color has-text-color has-link-color has-medium-font-size wp-elements-0eb8e8e64766a43c5f5a5d46702e3baf\">10. <strong>Contacta con nosotros<\/strong><\/h4>\n\n\n\n<p class=\"has-custom-color-4-color has-text-color has-link-color has-small-font-size wp-elements-f027d0599a8e2827b01e16ff95b109f5\">Si tienes preguntas o dudas sobre esta Pol\u00edtica de privacidad o sobre c\u00f3mo tratamos tus datos personales, ponte en contacto con nosotros:<\/p>\n\n\n\n<p class=\"has-custom-color-1-color has-text-color has-link-color has-small-font-size wp-elements-60209122142892b94ac1c11802f7be12\"><strong>Casa do Of\u00edcio<\/strong><br\/>Rua Santa Teresa, 6 &#8211; 1\u00ba 4050-537 Porto<br\/>ola@casadooficio.com<\/p>\n\n\n\n<hr class=\"wp-block-separator has-alpha-channel-opacity is-style-wide\"\/>\n\n\n\n<div style=\"height:100px\" aria-hidden=\"true\" class=\"wp-block-spacer\"><\/div>\n<\/div>\n\n<p><\/p>\n","protected":false},"excerpt":{"rendered":"<p>T\u00e9rminos y condiciones \u00daltima actualizaci\u00f3n: 11 de octubre de 2024 Bienvenido a &#8220;Casa do Of\u00edcio&#8221;, una marca comercial de Lu\u00eds Miguel Soares, Lda. Estos T\u00e9rminos y Condiciones (&#8220;T\u00e9rminos&#8221;) rigen tu uso de nuestros servicios de alquiler a corto plazo y de alquiler a medio y largo plazo (los &#8220;Servicios&#8221;). Al hacer una reserva a trav\u00e9s [&hellip;]<\/p>\n","protected":false},"author":1,"featured_media":0,"parent":0,"menu_order":0,"comment_status":"closed","ping_status":"closed","template":"","meta":{"footnotes":""},"class_list":["post-1365","page","type-page","status-publish","hentry"],"_links":{"self":[{"href":"https:\/\/casadooficio.com\/es\/wp-json\/wp\/v2\/pages\/1365","targetHints":{"allow":["GET"]}}],"collection":[{"href":"https:\/\/casadooficio.com\/es\/wp-json\/wp\/v2\/pages"}],"about":[{"href":"https:\/\/casadooficio.com\/es\/wp-json\/wp\/v2\/types\/page"}],"author":[{"embeddable":true,"href":"https:\/\/casadooficio.com\/es\/wp-json\/wp\/v2\/users\/1"}],"replies":[{"embeddable":true,"href":"https:\/\/casadooficio.com\/es\/wp-json\/wp\/v2\/comments?post=1365"}],"version-history":[{"count":2,"href":"https:\/\/casadooficio.com\/es\/wp-json\/wp\/v2\/pages\/1365\/revisions"}],"predecessor-version":[{"id":1391,"href":"https:\/\/casadooficio.com\/es\/wp-json\/wp\/v2\/pages\/1365\/revisions\/1391"}],"wp:attachment":[{"href":"https:\/\/casadooficio.com\/es\/wp-json\/wp\/v2\/media?parent=1365"}],"curies":[{"name":"wp","href":"https:\/\/api.w.org\/{rel}","templated":true}]}}